{"id":1071,"date":"2015-12-14T07:14:55","date_gmt":"2015-12-14T07:14:55","guid":{"rendered":"http:\/\/consulting.stylemixthemes.com\/?page_id=2"},"modified":"2025-01-30T12:40:54","modified_gmt":"2025-01-30T17:40:54","slug":"sample-page-2","status":"publish","type":"page","link":"https:\/\/www.icaconsultores.com.ec\/","title":{"rendered":"Home"},"content":{"rendered":"<p style=\"text-align: center;\"><strong>AVISO IMPORTANTE<\/strong><\/p>\n<p>Personas inescrupulosas han tomado el nombre de nuestra empresa <em>INGENIEROS CONSULTORES ASOCIADOS C\u00eda. Ltda. ICA<\/em>, para ofrecer oportunidades de trabajo, solicitando que se realice transferencias o dep\u00f3sitos de dinero para supuestos ex\u00e1menes m\u00e9dicos antes de una entrevista.<\/p>\n<p>ICA C\u00eda. Ltda. no contrata personal utilizando plataformas de trabajo, anuncios en peri\u00f3dicos, redes sociales u otros medios similares, y peor a\u00fan solicitando dinero bajo ning\u00fan concepto. Rechazamos categ\u00f3ricamente el uso de estos mecanismos de estafa a la vez que comunicamos a nuestros clientes, socios, colaboradores y profesionales en general que los comunicados que han recibido supuestamente desde nuestra empresa, son falsos.<\/p>\n<p>Cumpliendo con lo que dispone la Ley en este tipo de casos, hemos interpuesto una denuncia penal ante la Fiscal\u00eda General del Estado, en espera de dar con los responsables de este il\u00edcito que atenta contra el buen nombre de nuestra empresa e imagen corporativa. Sin embrago, se invita a todas las personas perjudicadas a poner la denuncia respectiva ante las autoridades correspondientes.<\/p>\n<p><strong>LA GERENCIA GENERAL<\/strong><\/p>\n<p>[rev_slider alias=\u00bbmain_slider\u00bb slidertitle=\u00bbMain Slider\u00bb][\/rev_slider]<\/p>\n<h3 style=\"text-align: left; font-weight: bold;\">ICA CONSULTORES C\u00cdA. LTDA.<\/h3>\n<p>ICA &#8211; Ingenieros Consultores Asociados C\u00eda. Ltda. Es una firma legalmente constituida en agosto 13 de 1964, y cuyo objeto social es la prestaci\u00f3n de servicios profesionales especializados, que est\u00e9n orientados a identificar, planificar elaborar o evaluar, proyectos de desarrollo, en sus<br \/>\nniveles de perfectibilidad, dise\u00f1o u operaci\u00f3n.<br \/>\nComprende adem\u00e1s la supervisi\u00f3n, fiscalizaci\u00f3n y evaluaci\u00f3n de proyectos, as\u00ed como los servicios de asesor\u00eda y asistencia t\u00e9cnica, elaboraci\u00f3n de estudios econ\u00f3micos, financieros, de organizaci\u00f3n, administraci\u00f3n, auditor\u00eda<br \/>\ne investigaci\u00f3n.<br \/>\nICA &#8211; Se enfocado en soluciones integrales de consultor\u00eda, plantea con claridad y objetividad, problemas de estudios y dise\u00f1os de obras de infraestructura de servicio p\u00fablico, generaci\u00f3n hidroel\u00e9ctricas, transporte, v\u00edas, puentes e intercambiadores, obras de saneamiento, puertos mar\u00edtimos y fluviales; adem\u00e1s de fiscalizaci\u00f3n de obras, consultor\u00eda macro econ\u00f3mica, micro econ\u00f3mica y an\u00e1lisis de mercados.<br \/>\n<a role=\"button\" href=\"https:\/\/www.icaconsultores.com.ec\/wp-content\/uploads\/2020\/07\/Brochure-ICA-1.pdf\"><br \/>\nM\u00e1s informaci\u00f3n<br \/>\n<\/a><\/p>\n<h5>Misi\u00f3n<\/h5>\n<p style=\"text-align: justify;\">Entregar servicios de Consultor\u00eda en: dise\u00f1o, fiscalizaci\u00f3n, supervisi\u00f3n y gerenciamiento de obras de infraestructura para el servicio p\u00fablico; evaluaci\u00f3n de impacto ambiental y socioecon\u00f3mica; estudios de mercado y microeconom\u00eda.<\/p>\n<p style=\"text-align: justify;\">Apoyados en una fuerza laboral proactiva e innovadora y con una tecnolog\u00eda de vanguardia, priorizando la excelencia del servicio, acorde con las exigencias, satisfacci\u00f3n y expectativas de nuestros clientes, contribuyendo efectivamente al desarrollo y progreso del Ecuador.<\/p>\n<h5>Visi\u00f3n<\/h5>\n<p>Ser la Empresa:<\/p>\n<p>\u2022 L\u00edder y referente en el mercado de las empresas consultoras del pa\u00eds.<\/p>\n<p>\u2022 Reconocida por la calidad, eficiencia y transparencia en el trabajo profesional<\/p>\n<p>\u2022 Distinguida por su permanente innovaci\u00f3n tecnol\u00f3gica, de procesos y servicios, que le permiten contribuir eficazmente al desarrollo nacional.<\/p>\n<p>\u2022 Apreciada por su preocupaci\u00f3n permanentemente por el desarrollo personal y profesional de sus colaboradores, para atraer y mantener a los mejores<\/p>\n<h5>Pol\u00edtica de calidad<\/h5>\n<p style=\"text-align: justify;\">Proveer servicios de consultor\u00eda con soluciones que satisfagan los requisitos de nuestros clientes, a trav\u00e9s de la aplicaci\u00f3n de est\u00e1ndares y normas t\u00e9cnicas, control de procesos, mejoramiento continuo, tecnolog\u00eda apropiada y la participaci\u00f3n de personal capacitado y comprometido.<\/p>\n<p style=\"text-align: justify;\">Para el efecto ICA declara que:<\/p>\n<ul>\n<li style=\"text-align: left;\">La calidad es lo primero<\/li>\n<li style=\"text-align: left;\">La calidad involucra a todos<\/li>\n<li style=\"text-align: left;\">Existe un plan de mejoramiento continuo<\/li>\n<li style=\"text-align: left;\">Potenciar las capacidades del Recurso Humano<\/li>\n<\/ul>\n<h5>Valores<\/h5>\n<p>Promovemos su motivaci\u00f3n y compromiso. Confiamos en su sentido de responsabilidad, y su orgullo profesional. Cultivamos su formaci\u00f3n y desarrollo personal, conciliando los objetivos personales con los institucionales.<\/p>\n<p>Reconocemos al personal que se preocupa por su continua formaci\u00f3n profesional y a los que demuestran, honradez, lealtad, calidad y calidez humana, trabajo en equipo y creatividad.<\/p>\n<ul>\n<li>Honestidad<\/li>\n<li>Confianza<\/li>\n<li>Fiabilidad<\/li>\n<li>Profesionalidad<\/li>\n<li>Excelencia<\/li>\n<li>Innovaci\u00f3n y dinamismo<\/li>\n<\/ul>\n<h2 style=\"text-align: center; font-weight: bold;\">Sectores<\/h2>\n<p><a href=\"https:\/\/www.icaconsultores.com.ec\/services\/ingenieria-y-generacion-electrica\/\"><br \/>\n<img decoding=\"async\" src=\"https:\/\/www.icaconsultores.com.ec\/wp-content\/uploads\/2020\/07\/11-150x150.jpg\" alt=\"\" \/> <\/a><\/p>\n<h5>Ingenier\u00eda y generaci\u00f3n el\u00e9ctrica<\/h5>\n<p><a href=\"https:\/\/www.icaconsultores.com.ec\/services\/ingenieria-y-generacion-electrica\/\"> Read more<br \/>\n<\/a><br \/>\n<a href=\"https:\/\/www.icaconsultores.com.ec\/services\/saneamiento\/\"><br \/>\n<img decoding=\"async\" src=\"https:\/\/www.icaconsultores.com.ec\/wp-content\/uploads\/elementor\/thumbs\/Saneamiento-p924qkhf97paxza9goa7mgeoo10c3difvm4bdksnwg.jpg\" alt=\"\" \/> <\/a><\/p>\n<h5>Saneamiento B\u00e1sico \u2013 Agua Potable<\/h5>\n<p><a href=\"https:\/\/www.icaconsultores.com.ec\/services\/saneamiento\/\"> Read more<br \/>\n<\/a><br \/>\n<a href=\"https:\/\/www.icaconsultores.com.ec\/services\/vias\/\"><br \/>\n<img decoding=\"async\" src=\"https:\/\/www.icaconsultores.com.ec\/wp-content\/uploads\/2020\/08\/tren1-150x150.jpg\" alt=\"\" \/> <\/a><\/p>\n<h5>Vialidad y Transporte<\/h5>\n<p><a href=\"https:\/\/www.icaconsultores.com.ec\/services\/vias\/\"> Read more<br \/>\n<\/a><br \/>\n<a href=\"https:\/\/www.icaconsultores.com.ec\/services\/puertos-aeropuertos\/\"><br \/>\n<img decoding=\"async\" src=\"https:\/\/www.icaconsultores.com.ec\/wp-content\/uploads\/2020\/06\/Captura-de-Pantalla-2020-08-04-a-las-12.31.38-150x150.png\" alt=\"\" \/> <\/a><\/p>\n<h5>Arquitectura y Urbanismo<\/h5>\n<p><a href=\"https:\/\/www.icaconsultores.com.ec\/services\/puertos-aeropuertos\/\"> Read more<br \/>\n<\/a><br \/>\n<a href=\"https:\/\/www.icaconsultores.com.ec\/services\/medio-ambiente\/\"><br \/>\n<img decoding=\"async\" src=\"https:\/\/www.icaconsultores.com.ec\/wp-content\/uploads\/2020\/06\/Captura-de-Pantalla-2020-08-04-a-las-12.34.35-150x150.png\" alt=\"\" \/> <\/a><\/p>\n<h5>Protecci\u00f3n Ambiental<\/h5>\n<p><a href=\"https:\/\/www.icaconsultores.com.ec\/services\/medio-ambiente\/\"> Read more<br \/>\n<\/a><br \/>\n<a href=\"https:\/\/www.icaconsultores.com.ec\/services\/riego-y-drenaje\/\"><br \/>\n<img decoding=\"async\" src=\"https:\/\/www.icaconsultores.com.ec\/wp-content\/uploads\/elementor\/thumbs\/calidad-p924qkhf97paxza9goa7mgeoo10c3difvm4bdksnwg.jpg\" alt=\"\" \/> <\/a><\/p>\n<h5>Tecnolog\u00eda y Calidad.<\/h5>\n<p><a href=\"https:\/\/www.icaconsultores.com.ec\/services\/riego-y-drenaje\/\"> Read more<br \/>\n<\/a><br \/>\n<a href=\"https:\/\/www.icaconsultores.com.ec\/services\/inteligencia-de-mercados\/\"><br \/>\n<img decoding=\"async\" src=\"https:\/\/www.icaconsultores.com.ec\/wp-content\/uploads\/elementor\/thumbs\/mercado-p924qkhf97paxza9goa7mgeoo10c3difvm4bdksnwg.jpg\" alt=\"\" \/> <\/a><\/p>\n<h5>Inteligencia de mercados y microeconom\u00eda<\/h5>\n<p><a href=\"https:\/\/www.icaconsultores.com.ec\/services\/inteligencia-de-mercados\/\"> Read more<br \/>\n<\/a><\/p>\n<h2 style=\"color: #ffffff; text-align: center; font-weight: bold;\">Nuestra experiencia<\/h2>\n<h4 style=\"text-align: left; line-height: 35px; font-weight: bold;\">Ingenier\u00eda y generaci\u00f3n el\u00e9ctrica<\/h4>\n<p>Descargue m\u00e1s informaci\u00f3n de nuestros proyectos<\/p>\n<p><a role=\"button\" href=\"https:\/\/www.icaconsultores.com.ec\/wp-content\/uploads\/2020\/07\/SI-ENERGIA-ELECTRICA.pdf\" target=\"_blank\" rel=\"noopener noreferrer\"><br \/>\nIngiener\u00eda y generaci\u00f3n el\u00e9ctrica<br \/>\n<\/a><\/p>\n<h4 style=\"text-align: left; line-height: 35px; font-weight: bold;\">Saneamiento b\u00e1sico &#8211; Agua potable<\/h4>\n<p>Descargue m\u00e1s informaci\u00f3n de nuestros proyectos<\/p>\n<p><a role=\"button\" href=\"https:\/\/www.icaconsultores.com.ec\/wp-content\/uploads\/2020\/08\/Ingenier\u00eda-Sanitaria.pdf\" target=\"_blank\" rel=\"noopener noreferrer\"><br \/>\nIngenier\u00eda Sanitaria<br \/>\n<\/a><\/p>\n<h4 style=\"text-align: left; line-height: 35px; font-weight: bold;\">Vialidad y<br \/>\ntransporte<\/h4>\n<p>Descargue m\u00e1s informaci\u00f3n de nuestros proyectos<\/p>\n<p><a role=\"button\" href=\"https:\/\/www.icaconsultores.com.ec\/wp-content\/uploads\/2020\/08\/SI-TRANSPORTE-PUERTOS-VIAS.pdf\" target=\"_blank\" rel=\"noopener noreferrer\"><br \/>\nVialidad y transporte<br \/>\n<\/a><\/p>\n<h4 style=\"text-align: left; line-height: 35px; font-weight: bold;\">Arquitectura y Urbanismo<\/h4>\n<p>Descargue m\u00e1s informaci\u00f3n de nuestros proyectos<\/p>\n<p><a role=\"button\" href=\"https:\/\/www.icaconsultores.com.ec\/wp-content\/uploads\/2020\/08\/Arquitectura-y-urbanismo-3.pdf\" target=\"_blank\" rel=\"noopener noreferrer\"><br \/>\nArquitectura y Urbanismo<br \/>\n<\/a><\/p>\n<h4 style=\"text-align: left; line-height: 35px; font-weight: bold;\">Protecci\u00f3n<br \/>\nambiental<\/h4>\n<p>Descargue m\u00e1s informaci\u00f3n de nuestros proyectos<\/p>\n<p><a role=\"button\" href=\"https:\/\/www.icaconsultores.com.ec\/wp-content\/uploads\/2020\/08\/Proteccion-Ambiental-1.pdf\" target=\"_blank\" rel=\"noopener noreferrer\"><br \/>\nProtecci\u00f3n ambiental<br \/>\n<\/a><\/p>\n<h4 style=\"text-align: left; line-height: 35px; font-weight: bold;\">Geot\u00e9cnica mec\u00e1nica de suelo<\/h4>\n<p>Descargue m\u00e1s informaci\u00f3n de nuestros proyectos<\/p>\n<p><a role=\"button\" href=\"https:\/\/www.icaconsultores.com.ec\/wp-content\/uploads\/2020\/08\/Geotecnica-Mecanica-Suelos-Est.Campo-9.pdf\" target=\"_blank\" rel=\"noopener noreferrer\"><br \/>\nGeot\u00e9cnica mec\u00e1nica de suelo<br \/>\n<\/a><\/p>\n<h4 style=\"text-align: left; line-height: 35px; font-weight: bold;\">Ingiener\u00eda de telecomunicaciones<\/h4>\n<p>Descargue m\u00e1s informaci\u00f3n de nuestros proyectos<\/p>\n<p><a role=\"button\" href=\"https:\/\/www.icaconsultores.com.ec\/wp-content\/uploads\/2020\/08\/Ingenieria-de-Telecomunicaciones-2.pdf\" target=\"_blank\" rel=\"noopener noreferrer\"><br \/>\nIngiener\u00eda de telecomunicaciones<br \/>\n<\/a><\/p>\n<h4 style=\"text-align: left; line-height: 35px; font-weight: bold;\">Inteligencia de mercado y microeconom\u00eda<\/h4>\n<p>Descargue m\u00e1s informaci\u00f3n de nuestros proyectos<\/p>\n<p><a role=\"button\" href=\"https:\/\/www.icaconsultores.com.ec\/wp-content\/uploads\/2020\/08\/Inteligencia-de-mercados-.pdf\" target=\"_blank\" rel=\"noopener noreferrer\"><br \/>\nInteligencia de mercado<br \/>\n<\/a><\/p>\n<h3 style=\"color: #ffffff; text-align: left; font-weight: bold;\">Contacto<\/h3>\n<ul>\n<li><a href=\"mailto:%20faguilar@icaconsultores.com.ec\" target=\"_blank\" rel=\"noopener noreferrer\"><br \/>\nAv. Col\u00f3n y 9 de Octubre.<br \/>\n<\/a><\/li>\n<\/ul>\n<ul>\n<li><a href=\"mailto:%20faguilar@icaconsultores.com.ec\" target=\"_blank\" rel=\"noopener noreferrer\"><br \/>\n+(593) 02-2905 515<br \/>\n<\/a><\/li>\n<li><a href=\"mailto:%20faguilar@icaconsultores.com.ec\" target=\"_blank\" rel=\"noopener noreferrer\"><br \/>\n+(593) 02-2905 688<br \/>\n<\/a><\/li>\n<li><a href=\"mailto:%20faguilar@icaconsultores.com.ec\" target=\"_blank\" rel=\"noopener noreferrer\"><br \/>\n+(593) 02-2905-410<br \/>\n<\/a><\/li>\n<\/ul>\n<ul>\n<li><a href=\"mailto:%20faguilar@icaconsultores.com.ec\" target=\"_blank\" rel=\"noopener noreferrer\"><br \/>\ninfo@icaconsultores.com.ec<br \/>\n<\/a><\/li>\n<\/ul>\n<h4 style=\"color: #ffffff; text-align: left; font-weight: bold;\">Por motivos de seguridad esta \u00e1rea ha sido deshabilitada, si tiene alguna duda cont\u00e1ctese por los canales regulares, gracias.<\/h4>\n<p><iframe style=\"border: 0;\" tabindex=\"0\" src=\"https:\/\/www.google.com\/maps\/embed?pb=!1m18!1m12!1m3!1d3989.7942002707046!2d-78.49510088525415!3d-0.19922809985462217!2m3!1f0!2f0!3f0!3m2!1i1024!2i768!4f13.1!3m3!1m2!1s0x91d59a6b82b100cd%3A0xa28bf42396521a75!2sIngenieros%20Consultores%20Asociados%20-%20ICA%20C%C3%ADa.%20Ltda.!5e0!3m2!1ses!2sec!4v1595533635408!5m2!1ses!2sec\" width=\"600\" height=\"450\" frameborder=\"0\" allowfullscreen=\"allowfullscreen\" aria-hidden=\"false\"><\/iframe><\/p>\n","protected":false},"excerpt":{"rendered":"<p>AVISO IMPORTANTE Personas inescrupulosas han tomado el nombre de nuestra empresa INGENIEROS CONSULTORES ASOCIADOS C\u00eda. Ltda. ICA, para ofrecer oportunidades de trabajo, solicitando que se realice transferencias o dep\u00f3sitos de dinero para supuestos ex\u00e1menes m\u00e9dicos antes de una entrevista. ICA C\u00eda. Ltda. no contrata personal utilizando plataformas de trabajo, anuncios en peri\u00f3dicos, redes sociales u<\/p>\n","protected":false},"author":1,"featured_media":0,"parent":0,"menu_order":0,"comment_status":"closed","ping_status":"closed","template":"","meta":{"footnotes":""},"class_list":["post-1071","page","type-page","status-publish","hentry"],"_links":{"self":[{"href":"https:\/\/www.icaconsultores.com.ec\/index.php?rest_route=\/wp\/v2\/pages\/1071","targetHints":{"allow":["GET"]}}],"collection":[{"href":"https:\/\/www.icaconsultores.com.ec\/index.php?rest_route=\/wp\/v2\/pages"}],"about":[{"href":"https:\/\/www.icaconsultores.com.ec\/index.php?rest_route=\/wp\/v2\/types\/page"}],"author":[{"embeddable":true,"href":"https:\/\/www.icaconsultores.com.ec\/index.php?rest_route=\/wp\/v2\/users\/1"}],"replies":[{"embeddable":true,"href":"https:\/\/www.icaconsultores.com.ec\/index.php?rest_route=%2Fwp%2Fv2%2Fcomments&post=1071"}],"version-history":[{"count":75,"href":"https:\/\/www.icaconsultores.com.ec\/index.php?rest_route=\/wp\/v2\/pages\/1071\/revisions"}],"predecessor-version":[{"id":7203,"href":"https:\/\/www.icaconsultores.com.ec\/index.php?rest_route=\/wp\/v2\/pages\/1071\/revisions\/7203"}],"wp:attachment":[{"href":"https:\/\/www.icaconsultores.com.ec\/index.php?rest_route=%2Fwp%2Fv2%2Fmedia&parent=1071"}],"curies":[{"name":"wp","href":"https:\/\/api.w.org\/{rel}","templated":true}]}}